{"id":263,"date":"2021-03-09T07:11:42","date_gmt":"2021-03-09T06:11:42","guid":{"rendered":"https:\/\/www.rachelcreationstudio.com\/?page_id=263"},"modified":"2026-01-23T00:22:53","modified_gmt":"2026-01-23T12:22:53","slug":"about","status":"publish","type":"page","link":"https:\/\/www.rachelcreationstudio.com\/?page_id=263","title":{"rendered":"About"},"content":{"rendered":"\t\t<div data-elementor-type=\"wp-page\" data-elementor-id=\"263\" class=\"elementor elementor-263\">\n\t\t\t\t<div class=\"aux-parallax-section elementor-element elementor-element-2ecb2da e-flex e-con-boxed e-con e-parent\" data-id=\"2ecb2da\" data-element_type=\"container\" data-e-type=\"container\">\n\t\t\t\t\t<div class=\"e-con-inner\">\n\t\t<div class=\"elementor-element elementor-element-0790a02 e-con-full e-flex e-con e-child\" data-id=\"0790a02\" data-element_type=\"container\" data-e-type=\"container\">\n\t\t\t\t<div class=\"elementor-element elementor-element-70e72ab aux-appear-watch-animation aux-scale-down elementor-widget elementor-widget-aux_modern_heading\" data-id=\"70e72ab\" data-element_type=\"widget\" data-e-type=\"widget\" data-widget_type=\"aux_modern_heading.default\">\n\t\t\t\t<div class=\"elementor-widget-container\">\n\t\t\t\t\t<section class=\"aux-widget-modern-heading\">\n            <div class=\"aux-widget-inner\"><h2 class=\"aux-modern-heading-primary\">Acerca de nosotros<\/h2><h3 class=\"aux-modern-heading-secondary\"><span class=\"aux-head-highlight\">Nuestra historia<\/span><\/h3><\/div>\n        <\/section>\t\t\t\t<\/div>\n\t\t\t\t<\/div>\n\t\t<div class=\"elementor-element elementor-element-92bec9c e-con-full e-flex e-con e-child\" data-id=\"92bec9c\" data-element_type=\"container\" data-e-type=\"container\">\n\t\t<div class=\"elementor-element elementor-element-bae4426 e-con-full e-flex e-con e-child\" data-id=\"bae4426\" data-element_type=\"container\" data-e-type=\"container\">\n\t\t\t\t<div class=\"elementor-element elementor-element-339f341 aux-appear-watch-animation aux-fade-in-left-1 elementor-widget elementor-widget-aux_image\" data-id=\"339f341\" data-element_type=\"widget\" data-e-type=\"widget\" data-widget_type=\"aux_image.default\">\n\t\t\t\t<div class=\"elementor-widget-container\">\n\t\t\t\t\t<section class=\"widget-container aux-widget-image aux-alignnone aux-parent-au2641c6d9\">\n    <div class=\"aux-media-hint-frame \">\n        <div class=\"aux-media-image \" >\n        \n            \n\n            \n            <img fetchpriority=\"high\" decoding=\"async\" width=\"699\" height=\"809\" src=\"https:\/\/www.rachelcreationstudio.com\/wp-content\/uploads\/2021\/03\/270cc0256603a516f99555166675754c.jpg\" class=\"aux-attachment aux-featured-image aux-attachment-id-291\" alt=\"inspiracion\" data-ratio=\"0.86\" data-original-w=\"699\" \/>            \n                <\/div>\n    <\/div>\n\n<\/section><!-- widget-container -->\t\t\t\t<\/div>\n\t\t\t\t<\/div>\n\t\t\t\t<div class=\"elementor-element elementor-element-e48c88d elementor-widget__width-auto aux-appear-watch-animation aux-fade-in-up elementor-widget elementor-widget-aux_modern_heading\" data-id=\"e48c88d\" data-element_type=\"widget\" data-e-type=\"widget\" data-widget_type=\"aux_modern_heading.default\">\n\t\t\t\t<div class=\"elementor-widget-container\">\n\t\t\t\t\t<section class=\"aux-widget-modern-heading\">\n            <div class=\"aux-widget-inner\"><h3 class=\"aux-modern-heading-primary\">Donde el dise\u00f1o se encuentra con la inspiraci\u00f3n\n<\/h3><\/div>\n        <\/section>\t\t\t\t<\/div>\n\t\t\t\t<\/div>\n\t\t\t\t<div class=\"elementor-element elementor-element-ce30e23 aux-appear-watch-animation aux-fade-in-down elementor-widget elementor-widget-aux_modern_heading\" data-id=\"ce30e23\" data-element_type=\"widget\" data-e-type=\"widget\" data-widget_type=\"aux_modern_heading.default\">\n\t\t\t\t<div class=\"elementor-widget-container\">\n\t\t\t\t\t<section class=\"aux-widget-modern-heading\">\n            <div class=\"aux-widget-inner\"><h3 class=\"aux-modern-heading-primary\">Bienvenidos a Rachel Creation Studio, un espacio dedicado a transformar ideas en realidades digitales. Aqu\u00ed, la creatividad fluye en todas sus formas: desde soluciones de dise\u00f1o gr\u00e1fico que dan vida a tus proyectos, hasta Ebooks y libros publicados en Amazon dise\u00f1ados para inspirar y educar.\n\n<\/h3><div class=\"aux-modern-heading-divider\"><\/div><\/div>\n        <\/section>\t\t\t\t<\/div>\n\t\t\t\t<\/div>\n\t\t\t\t<\/div>\n\t\t<div class=\"elementor-element elementor-element-e7d30d9 e-con-full e-flex e-con e-child\" data-id=\"e7d30d9\" data-element_type=\"container\" data-e-type=\"container\">\n\t\t\t\t<div class=\"elementor-element elementor-element-fd7b45a elementor-widget-tablet__width-auto aux-appear-watch-animation aux-fade-in-down elementor-widget-mobile__width-auto elementor-widget elementor-widget-aux_modern_heading\" data-id=\"fd7b45a\" data-element_type=\"widget\" data-e-type=\"widget\" data-widget_type=\"aux_modern_heading.default\">\n\t\t\t\t<div class=\"elementor-widget-container\">\n\t\t\t\t\t<section class=\"aux-widget-modern-heading\">\n            <div class=\"aux-widget-inner\"><div class=\"aux-modern-heading-divider\"><\/div><h3 class=\"aux-modern-heading-primary\">2026<\/h3><\/div>\n        <\/section>\t\t\t\t<\/div>\n\t\t\t\t<\/div>\n\t\t\t\t<div class=\"elementor-element elementor-element-95bc771 elementor-widget__width-auto aux-appear-watch-animation aux-fade-in-up elementor-widget elementor-widget-aux_modern_heading\" data-id=\"95bc771\" data-element_type=\"widget\" data-e-type=\"widget\" data-widget_type=\"aux_modern_heading.default\">\n\t\t\t\t<div class=\"elementor-widget-container\">\n\t\t\t\t\t<section class=\"aux-widget-modern-heading\">\n            <div class=\"aux-widget-inner\"><h3 class=\"aux-modern-heading-primary\">Creemos en el poder del arte integral<\/h3><div class=\"aux-modern-heading-description\"><p>\u00a0Por eso, tambi\u00e9n somos el hogar del talento musical integrando arreglos y composiciones que elevan nuestra propuesta creativa. Si buscas dise\u00f1o, conocimiento o m\u00fasica con alma, est\u00e1s en el lugar correcto.<\/p><\/div><\/div>\n        <\/section>\t\t\t\t<\/div>\n\t\t\t\t<\/div>\n\t\t\t\t<div class=\"elementor-element elementor-element-18fd38e aux-appear-watch-animation aux-fade-in-right elementor-widget__width-inherit elementor-widget elementor-widget-aux_image\" data-id=\"18fd38e\" data-element_type=\"widget\" data-e-type=\"widget\" data-widget_type=\"aux_image.default\">\n\t\t\t\t<div class=\"elementor-widget-container\">\n\t\t\t\t\t<section class=\"widget-container aux-widget-image aux-alignnone aux-parent-au51728a4b\">\n    <div class=\"aux-media-hint-frame \">\n        <div class=\"aux-media-image \" >\n        \n            \n\n            \n            <img decoding=\"async\" width=\"500\" height=\"498\" src=\"https:\/\/www.rachelcreationstudio.com\/wp-content\/uploads\/2021\/03\/0b9cd6af27fd32cfcb80bd1f525a171a.jpg\" class=\"aux-attachment aux-featured-image aux-attachment-id-306\" alt=\"Arreglos\" data-ratio=\"1\" data-original-w=\"500\" \/>            \n                <\/div>\n    <\/div>\n\n<\/section><!-- widget-container -->\t\t\t\t<\/div>\n\t\t\t\t<\/div>\n\t\t\t\t<\/div>\n\t\t\t\t<\/div>\n\t\t\t\t<\/div>\n\t\t\t\t\t<\/div>\n\t\t\t\t<\/div>\n\t\t\t\t<\/div>\n\t\t","protected":false},"excerpt":{"rendered":"<p>Acerca de nosotros Nuestra historia Donde el dise\u00f1o se encuentra con la inspiraci\u00f3n Bienvenidos a Rachel Creation Studio, un espacio dedicado a transformar ideas en realidades digitales. Aqu\u00ed, la creatividad fluye en todas sus formas: desde soluciones de dise\u00f1o gr\u00e1fico que dan vida a tus proyectos, hasta Ebooks y libros publicados en Amazon dise\u00f1ados para [&hellip;]<\/p>\n","protected":false},"author":1,"featured_media":0,"parent":0,"menu_order":0,"comment_status":"closed","ping_status":"closed","template":"templates\/page-builder-content.php","meta":{"footnotes":""},"class_list":["post-263","page","type-page","status-publish","hentry"],"jetpack_sharing_enabled":true,"_links":{"self":[{"href":"https:\/\/www.rachelcreationstudio.com\/index.php?rest_route=\/wp\/v2\/pages\/263","targetHints":{"allow":["GET"]}}],"collection":[{"href":"https:\/\/www.rachelcreationstudio.com\/index.php?rest_route=\/wp\/v2\/pages"}],"about":[{"href":"https:\/\/www.rachelcreationstudio.com\/index.php?rest_route=\/wp\/v2\/types\/page"}],"author":[{"embeddable":true,"href":"https:\/\/www.rachelcreationstudio.com\/index.php?rest_route=\/wp\/v2\/users\/1"}],"replies":[{"embeddable":true,"href":"https:\/\/www.rachelcreationstudio.com\/index.php?rest_route=%2Fwp%2Fv2%2Fcomments&post=263"}],"version-history":[{"count":3,"href":"https:\/\/www.rachelcreationstudio.com\/index.php?rest_route=\/wp\/v2\/pages\/263\/revisions"}],"predecessor-version":[{"id":335,"href":"https:\/\/www.rachelcreationstudio.com\/index.php?rest_route=\/wp\/v2\/pages\/263\/revisions\/335"}],"wp:attachment":[{"href":"https:\/\/www.rachelcreationstudio.com\/index.php?rest_route=%2Fwp%2Fv2%2Fmedia&parent=263"}],"curies":[{"name":"wp","href":"https:\/\/api.w.org\/{rel}","templated":true}]}}